{"id":2,"date":"2010-12-29T01:54:12","date_gmt":"2010-12-29T01:54:12","guid":{"rendered":"http:\/\/portalmiguelalves.com\/novo\/?page_id=2"},"modified":"2010-12-29T20:00:30","modified_gmt":"2010-12-29T20:00:30","slug":"sobre","status":"publish","type":"page","link":"http:\/\/www.portalmiguelalves.com\/novo\/sobre\/","title":{"rendered":"A CIDADE"},"content":{"rendered":"\n<!-- ALL ADSENSE ADS DISABLED -->\n<div id=HOTWordsTxt name=HOTWordsTxt><p style=\"text-align: justify;\">Miguel Alves foi elevado a categoria de munic\u00edpio atrav\u00e9s da Lei n\/1,088, de 24 de maio de 1912.<\/p>\n<p style=\"text-align: justify;\"><strong>Localiza\u00e7\u00e3o:<\/strong><br \/>\n<img loading=\"lazy\" decoding=\"async\" class=\"alignleft\" src=\"http:\/\/portalmiguelalves.com\/novo\/wp-content\/uploads\/2010\/12\/mapa.gif\" alt=\"\" width=\"300\" height=\"300\" \/>Situada na mesorregi\u00e3o e microrregi\u00e3o de Teresina com uma \u00e1rea total de 1.419 Km2, ficando a 115 km de distancia da capital tendo como rodovias de acesso a Pi \u2013 112 e Pi \u2013 110.<\/p>\n<p style=\"text-align: justify;\"><strong>Limites:<\/strong> <strong><em>Ao norte<\/em><\/strong> \u2013 Porto \u2013 PI e Estado do Maranh\u00e3o; <strong><em>ao Sul<\/em><\/strong> \u2013 Uni\u00e3o, Lagoa Alegre, Cabeceiras; <strong><em>Ao leste<\/em><\/strong> \u2013 Nossa Senhora dos Rem\u00e9dios e Barras e <strong><em>ao Oeste<\/em><\/strong> \u2013 estado do MARANH\u00c3O.<\/p>\n<p style=\"text-align: justify;\"><strong>Coordenadas Geogr\u00e1ficas:<\/strong> \u2013 A sede do munic\u00edpio tem sua posi\u00e7\u00e3o geogr\u00e1fica a 50 metros de altitude pelo paralelo: latitude- 4\u00ba 09\u2019 56 \u2013 Sul e Longitude \u2013 42\u00b0 53\u2019 4; Oeste.<\/p>\n<p style=\"text-align: justify;\"><strong>Clima:<\/strong> O clima \u00e9 tropical semi-\u00e1rido, quente, com dura\u00e7\u00e3o do per\u00edodo seco de seis meses. Temperatura m\u00e1xima de 37\u00b0 e m\u00ednima de 22\u00b0 C.<\/p>\n<p style=\"text-align: justify;\"><strong>Hidrografia:<\/strong> \u2013 O principal curso d\u2019\u00e1gua Rio Parna\u00edba, Lagoas; Riach\u00e3o, Salina, Almas, Curtume, Cara\u00edbas, Concei\u00e7\u00e3o, Porta; Riachos: Tamandu\u00e1, Arara, Ameixa, Riach\u00e3o das Piranhas e Riach\u00e3o de Fora.<\/p>\n<p style=\"text-align: justify;\"><strong>Solos:<\/strong> \u2013 Predominam solos pouco desenvolvidos, geralmente profundos, arenosos, bem drenados, \u00e1cidos e de baixa capacidade de reten\u00e7\u00e3o de unidade e fertilidade natural (areias quartzosas).<\/p>\n<p style=\"text-align: justify;\"><strong>Vegeta\u00e7\u00e3o:<\/strong> A cobertura vegetal primitiva do munic\u00edpio \u00e9 em sua maior parte caracterizada pela floresta estacion\u00e1ria semidecidual com baba\u00e7u.<br \/>\nA coleta de lixo \u00e9 realizada diariamente na zona urbana e depositando\u2013o em aterro sanit\u00e1rio municipal.<\/p>\n<p style=\"text-align: justify;\"><img loading=\"lazy\" decoding=\"async\" class=\"alignright\" src=\"http:\/\/portalmiguelalves.com\/novo\/wp-content\/uploads\/2010\/12\/populacao.jpg\" alt=\"\" width=\"200\" height=\"150\" \/><strong>Popula\u00e7\u00e3o: <\/strong>A popula\u00e7\u00e3o \u00e9 cerca de 32.178 habitantes, cujo crescimento na d\u00e9cada de 70\/80 correspondeu 1,24% da popula\u00e7\u00e3o total do Estado.<\/p>\n<p><strong>Transportes:<\/strong> Os servi\u00e7os de  transporte do munic\u00edpio est\u00e3o sob a responsabilidade da empresa de \u00f4nibus Trans  Lopes, fazendo linhas regulares de Teresina\/ Miguel Alves\/ Teresina via Uni\u00e3o e  empresa J. Ara\u00fajo que faz linha Miguel Alves\/ Teresina via Jos\u00e9 de Freitas e  Lagoa Alegre como tamb\u00e9m por transporte alternativos.<\/p>\n<p style=\"text-align: justify;\"><img loading=\"lazy\" decoding=\"async\" class=\"alignleft\" src=\"http:\/\/portalmiguelalves.com\/novo\/wp-content\/uploads\/2010\/12\/saudess.jpg\" alt=\"\" width=\"200\" height=\"150\" \/><strong>Sa\u00fade e Saneamento:<\/strong> Na \u00e1rea de  Sa\u00fade o Munic\u00edpio de MIGUEL ALVES possuem o sistema de sa\u00fade destru\u00eddo na zona  urbana e rural sob a dire\u00e7\u00e3o das esferas estadual e municipal.<\/p>\n<p>A  infra-estrutura de sa\u00fade \u00e9 constitu\u00edda pelo Hospital local Pedro Vasconcelos, a  n\u00edvel estadual, que possue 35 leitos e um corpo m\u00e9dico composto de 05 cl\u00ednicos  gerais. Acrescido pelo centro de sa\u00fade Hamilton Azevedo e o Centro de Sa\u00fade  Mariano Maia a n\u00edvel municipal. Especialidades cl\u00ednicas em cardiologia,  ginecologia e obstetr\u00edcia.<\/p>\n<div style=\"text-align: justify;\">\n<p><strong>Abastecimento d\u2019\u00e1gua:<\/strong> O sistema  de abastecimento \u00e9 administrado pela Empresa \u00c1gua e Esgotos do Piau\u00ed S\/A,  AGESPISA, dispondo de 01(um) reservat\u00f3rio com capacidade de armazenar 100m3 com  tratamento feito \u00e0 base de clorocal e sulfato de alum\u00ednio.<\/p>\n<p>A Prefeitura \u00e9  respons\u00e1vel na zona rural de 30 po\u00e7os e 15 chafarizes e na zona urbana por 02  chafarizes e 05 po\u00e7os com eletrobombos.<\/p>\n<p style=\"font-weight: bold; font-size: x-small;\">\n<p><strong>Energia  el\u00e9trica:<\/strong> Os servi\u00e7os de energia el\u00e9trica do munic\u00edpio s\u00e3o executados e  operacionalizados pela CEPISA \u2013 Companhia de Energia El\u00e9trica do Piau\u00ed S\/A.  Segundo informa\u00e7\u00f5es da Prefeitura, a rede el\u00e9trica dispon\u00edvel no munic\u00edpio n\u00e3o  atende complemente \u00e0 demanda, existindo ainda um d\u00e9ficit na cobertura desse  servi\u00e7o \u00e0 popula\u00e7\u00e3o.<\/p>\n<p style=\"font-weight: bold; font-size: x-small;\">\n<p><strong>Meio Ambiente:<\/strong> Exist\u00eancia do  Programa de Reflorestamento e Preserva\u00e7\u00e3o das Margens do Rio  Parna\u00edba.<\/p>\n<p><strong>Convenio:<\/strong> Prefeitura\/ Minist\u00e9rio do Meio Ambiente.<\/p>\n<p>Objetivando a  implanta\u00e7\u00e3o de um viveiro de Produ\u00e7\u00e3o de Mudas Florestais para reflorestamento  das margens do rio Parna\u00edba com uma extens\u00e3o de 10 km \u2013 total realizado \u2013 foram  plantados 11.400 mudas<\/p>\n<p style=\"text-align: justify;\"><strong>Comunica\u00e7\u00e3o:<\/strong> Correios, EBCT \u2013 Empresa Brasileira de Correios e Tel\u00e9grafos com uma  agencia de servi\u00e7os.<br \/>\nTelefonia &#8211; as comunica\u00e7\u00f5es telef\u00f4nicas s\u00e3o  administradas pela OI\/TELEMAR com antena receptora de telefonia m\u00f3vel. R\u00e1dio  Difus\u00e3o\/ TV\/ Jornal &#8211; com 03 emissoras: Am Tapuio, FM Pontual e FM S\u00e3o Miguel .  Repetidores da Globo, SBT e Bandeirantes.<\/p>\n<\/div>\n<\/div>","protected":false},"excerpt":{"rendered":"<div id=HOTWordsTxt name=HOTWordsTxt><p>Miguel Alves foi elevado a categoria de munic\u00edpio atrav\u00e9s da Lei n\/1,088, de 24 de maio de 1912. Localiza\u00e7\u00e3o: Situada na mesorregi\u00e3o e microrregi\u00e3o de Teresina com uma \u00e1rea total de 1.419 Km2, ficando a 115 km de distancia da capital tendo como rodovias de acesso a Pi \u2013 112 e Pi \u2013 110. Limites: [&hellip;]<\/p>\n<\/div>","protected":false},"author":1,"featured_media":0,"parent":0,"menu_order":0,"comment_status":"closed","ping_status":"closed","template":"","meta":{"footnotes":""},"class_list":["post-2","page","type-page","status-publish","hentry"],"_links":{"self":[{"href":"http:\/\/www.portalmiguelalves.com\/novo\/wp-json\/wp\/v2\/pages\/2","targetHints":{"allow":["GET"]}}],"collection":[{"href":"http:\/\/www.portalmiguelalves.com\/novo\/wp-json\/wp\/v2\/pages"}],"about":[{"href":"http:\/\/www.portalmiguelalves.com\/novo\/wp-json\/wp\/v2\/types\/page"}],"author":[{"embeddable":true,"href":"http:\/\/www.portalmiguelalves.com\/novo\/wp-json\/wp\/v2\/users\/1"}],"replies":[{"embeddable":true,"href":"http:\/\/www.portalmiguelalves.com\/novo\/wp-json\/wp\/v2\/comments?post=2"}],"version-history":[{"count":4,"href":"http:\/\/www.portalmiguelalves.com\/novo\/wp-json\/wp\/v2\/pages\/2\/revisions"}],"predecessor-version":[{"id":23,"href":"http:\/\/www.portalmiguelalves.com\/novo\/wp-json\/wp\/v2\/pages\/2\/revisions\/23"}],"wp:attachment":[{"href":"http:\/\/www.portalmiguelalves.com\/novo\/wp-json\/wp\/v2\/media?parent=2"}],"curies":[{"name":"wp","href":"https:\/\/api.w.org\/{rel}","templated":true}]}}