{"id":31220,"date":"2019-11-12T16:04:46","date_gmt":"2019-11-12T19:04:46","guid":{"rendered":"http:\/\/www.portalmiguelalves.com\/novo\/?page_id=31220"},"modified":"2019-11-12T16:07:03","modified_gmt":"2019-11-12T19:07:03","slug":"home","status":"publish","type":"page","link":"http:\/\/www.portalmiguelalves.com\/novo\/","title":{"rendered":"home"},"content":{"rendered":"<div class=\"wpb-content-wrapper\">\n<!-- ALL ADSENSE ADS DISABLED -->\n<div id=HOTWordsTxt name=HOTWordsTxt><p>[vc_row][vc_column]<div class=\"td_block_wrap td_block_big_grid_3 td_uid_1_69ea1186731db_rand td-grid-style-1 td-hover-1 td-pb-border-top td_block_template_1\"  data-td-block-uid=\"td_uid_1_69ea1186731db\" ><div id=td_uid_1_69ea1186731db class=\"td_block_inner\"><div class=\"td-big-grid-wrapper\">\r\n        <div class=\"td_module_mx5 td-animation-stack td-big-grid-post-0 td-big-grid-post td-big-thumb\">\r\n            <div class=\"td-module-thumb\"><a href=\"http:\/\/www.portalmiguelalves.com\/novo\/2025\/12\/49384\/\" rel=\"bookmark\" title=\"C\u00e2mara Municipal de Miguel Alves homenageou, nesta ter\u00e7a-feira (09), personalidades que contribu\u00edram e v\u00eam contribuindo com esse munic\u00edpio\"><img loading=\"lazy\" decoding=\"async\" width=\"534\" height=\"462\" class=\"entry-thumb\" src=\"http:\/\/www.portalmiguelalves.com\/novo\/wp-content\/uploads\/2025\/12\/597948124_3750899721709474_5279068298930714363_n-534x462.jpg\" alt=\"\" title=\"C\u00e2mara Municipal de Miguel Alves homenageou, nesta ter\u00e7a-feira (09), personalidades que contribu\u00edram e v\u00eam contribuindo com esse munic\u00edpio\"\/><\/a><\/div>            <div class=\"td-meta-info-container\">\r\n                <div class=\"td-meta-align\">\r\n                    <div class=\"td-big-grid-meta\">\r\n                        <a href=\"http:\/\/www.portalmiguelalves.com\/novo\/category\/destaques\/\" class=\"td-post-category\">Destaques<\/a>                        <h3 class=\"entry-title td-module-title\"><a href=\"http:\/\/www.portalmiguelalves.com\/novo\/2025\/12\/49384\/\" rel=\"bookmark\" title=\"C\u00e2mara Municipal de Miguel Alves homenageou, nesta ter\u00e7a-feira (09), personalidades que contribu\u00edram e v\u00eam contribuindo com esse munic\u00edpio\">C\u00e2mara Municipal de Miguel Alves homenageou, nesta ter\u00e7a-feira (09), personalidades que contribu\u00edram e v\u00eam contribuindo com esse munic\u00edpio<\/a><\/h3>                    <\/div>\r\n                    <div class=\"td-module-meta-info\">\r\n                        <span class=\"td-post-author-name\"><a href=\"http:\/\/www.portalmiguelalves.com\/novo\/author\/nilo\/\">Nilo Ara\u00fajo<\/a> <span>-<\/span> <\/span>                        <span class=\"td-post-date\"><time class=\"entry-date updated td-module-date\" datetime=\"2025-12-09T21:59:24+00:00\" >09\/12\/2025<\/time><\/span>                    <\/div>\r\n                <\/div>\r\n            <\/div>\r\n\r\n        <\/div>\r\n\r\n        <div class=\"td-big-grid-scroll\">\r\n        <div class=\"td_module_mx11 td-animation-stack td-big-grid-post-1 td-big-grid-post td-medium-thumb\">\r\n            <div class=\"td-module-thumb\"><a href=\"http:\/\/www.portalmiguelalves.com\/novo\/2025\/11\/campeonato-rural-2025-riachao-fc-venceu-o-barro-branco-por-5-a-0\/\" rel=\"bookmark\" title=\"Campeonato Rural 2025 &#8211; Riach\u00e3o FC venceu o Barro Branco por 5 a 0.\"><img loading=\"lazy\" decoding=\"async\" width=\"533\" height=\"261\" class=\"entry-thumb\" src=\"http:\/\/www.portalmiguelalves.com\/novo\/wp-content\/uploads\/2025\/11\/573581203_18071765312522899_9064860484554311316_n-533x261.jpg\" srcset=\"http:\/\/www.portalmiguelalves.com\/novo\/wp-content\/uploads\/2025\/11\/573581203_18071765312522899_9064860484554311316_n-533x261.jpg 533w, http:\/\/www.portalmiguelalves.com\/novo\/wp-content\/uploads\/2025\/11\/573581203_18071765312522899_9064860484554311316_n-324x160.jpg 324w\" sizes=\"auto, (max-width: 533px) 100vw, 533px\" alt=\"\" title=\"Campeonato Rural 2025 &#8211; Riach\u00e3o FC venceu o Barro Branco por 5 a 0.\"\/><\/a><\/div>            <div class=\"td-meta-info-container\">\r\n                <div class=\"td-meta-align\">\r\n                    <div class=\"td-big-grid-meta\">\r\n                        <a href=\"http:\/\/www.portalmiguelalves.com\/novo\/category\/destaques\/\" class=\"td-post-category\">Destaques<\/a>                        <h3 class=\"entry-title td-module-title\"><a href=\"http:\/\/www.portalmiguelalves.com\/novo\/2025\/11\/campeonato-rural-2025-riachao-fc-venceu-o-barro-branco-por-5-a-0\/\" rel=\"bookmark\" title=\"Campeonato Rural 2025 &#8211; Riach\u00e3o FC venceu o Barro Branco por 5 a 0.\">Campeonato Rural 2025 &#8211; Riach\u00e3o FC venceu o Barro Branco por 5 a 0.<\/a><\/h3>                    <\/div>\r\n                <\/div>\r\n            <\/div>\r\n\r\n        <\/div>\r\n\r\n        \r\n        <div class=\"td_module_mx6 td-animation-stack td-big-grid-post-2 td-big-grid-post td-small-thumb\">\r\n            <div class=\"td-module-thumb\"><a href=\"http:\/\/www.portalmiguelalves.com\/novo\/2025\/11\/chegou-o-novembro-azul-e-campanhas-durante-esse-mes-chamam-atencao-para-a-importancia-da-prevencao-na-saude-do-homem\/\" rel=\"bookmark\" title=\"Chegou o novembro azul! E campanhas durante esse m\u00eas, chamam aten\u00e7\u00e3o para a import\u00e2ncia da preven\u00e7\u00e3o na sa\u00fade do homem\"><img loading=\"lazy\" decoding=\"async\" width=\"265\" height=\"198\" class=\"entry-thumb\" src=\"http:\/\/www.portalmiguelalves.com\/novo\/wp-content\/uploads\/2025\/11\/572916557_18071832662522899_4731384571168932014_n-265x198.jpg\" srcset=\"http:\/\/www.portalmiguelalves.com\/novo\/wp-content\/uploads\/2025\/11\/572916557_18071832662522899_4731384571168932014_n-265x198.jpg 265w, http:\/\/www.portalmiguelalves.com\/novo\/wp-content\/uploads\/2025\/11\/572916557_18071832662522899_4731384571168932014_n-80x60.jpg 80w\" sizes=\"auto, (max-width: 265px) 100vw, 265px\" alt=\"\" title=\"Chegou o novembro azul! E campanhas durante esse m\u00eas, chamam aten\u00e7\u00e3o para a import\u00e2ncia da preven\u00e7\u00e3o na sa\u00fade do homem\"\/><\/a><\/div>            <div class=\"td-meta-info-container\">\r\n                <div class=\"td-meta-align\">\r\n                    <div class=\"td-big-grid-meta\">\r\n                        <a href=\"http:\/\/www.portalmiguelalves.com\/novo\/category\/destaques\/\" class=\"td-post-category\">Destaques<\/a>                        <h3 class=\"entry-title td-module-title\"><a href=\"http:\/\/www.portalmiguelalves.com\/novo\/2025\/11\/chegou-o-novembro-azul-e-campanhas-durante-esse-mes-chamam-atencao-para-a-importancia-da-prevencao-na-saude-do-homem\/\" rel=\"bookmark\" title=\"Chegou o novembro azul! E campanhas durante esse m\u00eas, chamam aten\u00e7\u00e3o para a import\u00e2ncia da preven\u00e7\u00e3o na sa\u00fade do homem\">Chegou o novembro azul! E campanhas durante esse m\u00eas, chamam aten\u00e7\u00e3o para a import\u00e2ncia da preven\u00e7\u00e3o na sa\u00fade do homem<\/a><\/h3>                    <\/div>\r\n                <\/div>\r\n            <\/div>\r\n\r\n        <\/div>\r\n\r\n\r\n        \r\n        <div class=\"td_module_mx6 td-animation-stack td-big-grid-post-3 td-big-grid-post td-small-thumb\">\r\n            <div class=\"td-module-thumb\"><a href=\"http:\/\/www.portalmiguelalves.com\/novo\/2025\/10\/advogado-e-ex-vereador-no-municipio-de-miguel-alves-pi-dr-walber-coelho-e-homenageado-com-o-titulo-de-cidadania-teresinense\/\" rel=\"bookmark\" title=\"Advogado e ex-vereador no munic\u00edpio de Miguel Alves-PI, Dr. Walber Coelho \u00e9 homenageado com o T\u00edtulo de Cidadania Teresinense\"><img loading=\"lazy\" decoding=\"async\" width=\"265\" height=\"198\" class=\"entry-thumb\" src=\"http:\/\/www.portalmiguelalves.com\/novo\/wp-content\/uploads\/2025\/10\/571196257_3699822526817194_3324100647975109384_n-265x198.jpg\" srcset=\"http:\/\/www.portalmiguelalves.com\/novo\/wp-content\/uploads\/2025\/10\/571196257_3699822526817194_3324100647975109384_n-265x198.jpg 265w, http:\/\/www.portalmiguelalves.com\/novo\/wp-content\/uploads\/2025\/10\/571196257_3699822526817194_3324100647975109384_n-80x60.jpg 80w\" sizes=\"auto, (max-width: 265px) 100vw, 265px\" alt=\"\" title=\"Advogado e ex-vereador no munic\u00edpio de Miguel Alves-PI, Dr. Walber Coelho \u00e9 homenageado com o T\u00edtulo de Cidadania Teresinense\"\/><\/a><\/div>            <div class=\"td-meta-info-container\">\r\n                <div class=\"td-meta-align\">\r\n                    <div class=\"td-big-grid-meta\">\r\n                        <a href=\"http:\/\/www.portalmiguelalves.com\/novo\/category\/destaques\/\" class=\"td-post-category\">Destaques<\/a>                        <h3 class=\"entry-title td-module-title\"><a href=\"http:\/\/www.portalmiguelalves.com\/novo\/2025\/10\/advogado-e-ex-vereador-no-municipio-de-miguel-alves-pi-dr-walber-coelho-e-homenageado-com-o-titulo-de-cidadania-teresinense\/\" rel=\"bookmark\" title=\"Advogado e ex-vereador no munic\u00edpio de Miguel Alves-PI, Dr. Walber Coelho \u00e9 homenageado com o T\u00edtulo de Cidadania Teresinense\">Advogado e ex-vereador no munic\u00edpio de Miguel Alves-PI, Dr. Walber Coelho \u00e9 homenageado com o T\u00edtulo de Cidadania Teresinense<\/a><\/h3>                    <\/div>\r\n                <\/div>\r\n            <\/div>\r\n\r\n        <\/div>\r\n\r\n\r\n        <\/div><\/div><div class=\"clearfix\"><\/div><\/div><\/div> <!-- .\/block -->[\/vc_column][\/vc_row][vc_row][vc_column][\/vc_column][\/vc_row]<\/p>\n<\/div><\/div>","protected":false},"excerpt":{"rendered":"<div id=HOTWordsTxt name=HOTWordsTxt><p>[vc_row][vc_column][\/vc_column][\/vc_row][vc_row][vc_column][\/vc_column][\/vc_row]<\/p>\n<\/div>","protected":false},"author":1,"featured_media":0,"parent":0,"menu_order":0,"comment_status":"closed","ping_status":"closed","template":"page-pagebuilder-latest.php","meta":{"footnotes":""},"class_list":["post-31220","page","type-page","status-publish","hentry"],"_links":{"self":[{"href":"http:\/\/www.portalmiguelalves.com\/novo\/wp-json\/wp\/v2\/pages\/31220","targetHints":{"allow":["GET"]}}],"collection":[{"href":"http:\/\/www.portalmiguelalves.com\/novo\/wp-json\/wp\/v2\/pages"}],"about":[{"href":"http:\/\/www.portalmiguelalves.com\/novo\/wp-json\/wp\/v2\/types\/page"}],"author":[{"embeddable":true,"href":"http:\/\/www.portalmiguelalves.com\/novo\/wp-json\/wp\/v2\/users\/1"}],"replies":[{"embeddable":true,"href":"http:\/\/www.portalmiguelalves.com\/novo\/wp-json\/wp\/v2\/comments?post=31220"}],"version-history":[{"count":3,"href":"http:\/\/www.portalmiguelalves.com\/novo\/wp-json\/wp\/v2\/pages\/31220\/revisions"}],"predecessor-version":[{"id":31223,"href":"http:\/\/www.portalmiguelalves.com\/novo\/wp-json\/wp\/v2\/pages\/31220\/revisions\/31223"}],"wp:attachment":[{"href":"http:\/\/www.portalmiguelalves.com\/novo\/wp-json\/wp\/v2\/media?parent=31220"}],"curies":[{"name":"wp","href":"https:\/\/api.w.org\/{rel}","templated":true}]}}