{"id":5641,"date":"2011-12-07T08:06:01","date_gmt":"2011-12-07T11:06:01","guid":{"rendered":"http:\/\/www.portalmiguelalves.com\/novo\/"},"modified":"2011-12-07T08:06:01","modified_gmt":"2011-12-07T11:06:01","slug":"politica-de-privacidade","status":"publish","type":"page","link":"http:\/\/www.portalmiguelalves.com\/novo\/politica-de-privacidade\/","title":{"rendered":"Pol\u00edtica de Privacidade"},"content":{"rendered":"\n<!-- ALL ADSENSE ADS DISABLED -->\n<div id=HOTWordsTxt name=HOTWordsTxt><div>\n<p>Este site pode utiliza cookies e\/ou web beacons quando um usu\u00e1rio tem acesso \u00e0s p\u00e1ginas.<br \/>\nOs cookies que podem ser associam-se (se for o caso) unicamente com o navegador de um determinado computador.<\/p>\n<p>Os cookies que s\u00e3o utilizados neste site podem ser instalados pelo  mesmo, os quais s\u00e3o originados dos distintos servidores operados por  este, ou a partir dos servidores de terceiros que prestam servi\u00e7os e  instalam cookies e\/ou web beacons (por exemplo, os cookies que s\u00e3o  empregados para prover servi\u00e7os de publicidade ou certos conte\u00fados  atrav\u00e9s dos quais o usu\u00e1rio visualiza a publicidade ou conte\u00fados em  tempo pr\u00e9 determinados). O usu\u00e1rio poder\u00e1 pesquisar o disco r\u00edgido de  seu computador conforme instru\u00e7\u00f5es do pr\u00f3prio navegador.<\/p>\n<p>Usu\u00e1rio tem a possibilidade de configurar seu navegador para ser  avisado, na tela do computador, sobre a recep\u00e7\u00e3o dos cookies e para  impedir a sua instala\u00e7\u00e3o no disco r\u00edgido. As informa\u00e7\u00f5es pertinentes a  esta configura\u00e7\u00e3o est\u00e3o dispon\u00edveis em instru\u00e7\u00f5es e manuais do pr\u00f3prio  navegador.<\/p>\n<\/div>\n<\/div>","protected":false},"excerpt":{"rendered":"<div id=HOTWordsTxt name=HOTWordsTxt><p>Este site pode utiliza cookies e\/ou web beacons quando um usu\u00e1rio tem acesso \u00e0s p\u00e1ginas. Os cookies que podem ser associam-se (se for o caso) unicamente com o navegador de um determinado computador. Os cookies que s\u00e3o utilizados neste site podem ser instalados pelo mesmo, os quais s\u00e3o originados dos distintos servidores operados por este, [&hellip;]<\/p>\n<\/div>","protected":false},"author":1,"featured_media":0,"parent":0,"menu_order":0,"comment_status":"open","ping_status":"open","template":"","meta":{"footnotes":""},"class_list":["post-5641","page","type-page","status-publish","hentry"],"_links":{"self":[{"href":"http:\/\/www.portalmiguelalves.com\/novo\/wp-json\/wp\/v2\/pages\/5641","targetHints":{"allow":["GET"]}}],"collection":[{"href":"http:\/\/www.portalmiguelalves.com\/novo\/wp-json\/wp\/v2\/pages"}],"about":[{"href":"http:\/\/www.portalmiguelalves.com\/novo\/wp-json\/wp\/v2\/types\/page"}],"author":[{"embeddable":true,"href":"http:\/\/www.portalmiguelalves.com\/novo\/wp-json\/wp\/v2\/users\/1"}],"replies":[{"embeddable":true,"href":"http:\/\/www.portalmiguelalves.com\/novo\/wp-json\/wp\/v2\/comments?post=5641"}],"version-history":[{"count":1,"href":"http:\/\/www.portalmiguelalves.com\/novo\/wp-json\/wp\/v2\/pages\/5641\/revisions"}],"predecessor-version":[{"id":5642,"href":"http:\/\/www.portalmiguelalves.com\/novo\/wp-json\/wp\/v2\/pages\/5641\/revisions\/5642"}],"wp:attachment":[{"href":"http:\/\/www.portalmiguelalves.com\/novo\/wp-json\/wp\/v2\/media?parent=5641"}],"curies":[{"name":"wp","href":"https:\/\/api.w.org\/{rel}","templated":true}]}}