{"id":70,"date":"2010-12-29T20:20:27","date_gmt":"2010-12-29T20:20:27","guid":{"rendered":"http:\/\/portalmiguelalves.com\/novo\/"},"modified":"2010-12-30T02:27:28","modified_gmt":"2010-12-30T02:27:28","slug":"servicos-utilidades","status":"publish","type":"page","link":"http:\/\/www.portalmiguelalves.com\/novo\/servicos-utilidades\/","title":{"rendered":"Utilidades"},"content":{"rendered":"\n<!-- ALL ADSENSE ADS DISABLED -->\n<div id=HOTWordsTxt name=HOTWordsTxt><p><strong>Hot\u00e9is<\/strong><\/p>\n<p><span style=\"font-family: Verdana, Arial, Helvetica, sans-serif; font-size: x-small;\"><strong><em>Hotel  S\u00e3o Miguel<\/em><\/strong><\/span> <span style=\"font-family: Verdana, Arial, Helvetica, sans-serif; font-size: x-small;\">Av.  Des. Simpl\u00edcio Mendes, s\/n Centro;<br \/>\n<\/span><span style=\"font-family: Verdana, Arial, Helvetica, sans-serif; font-size: x-small;\"><strong><em>Pousada Ang\u00e9lica<\/em><\/strong><\/span> <span style=\"font-family: Verdana, Arial, Helvetica, sans-serif; font-size: x-small;\">Rua Coelho Neto, s\/n  Centro;<br \/>\n<\/span><span style=\"font-family: Verdana, Arial, Helvetica, sans-serif; font-size: x-small;\"><strong><em>Pousada &#8220;O Paim&#8221;<\/em><\/strong><\/span> <span style=\"font-family: Verdana, Arial, Helvetica, sans-serif; font-size: x-small;\">Rua Coelho Neto s\/n  Centro;<br \/>\n<\/span><span style=\"font-family: Verdana, Arial, Helvetica, sans-serif; font-size: x-small;\"><strong><em>Hotelzinho Sta Rita<\/em><\/strong><\/span> <span style=\"font-family: Verdana, Arial, Helvetica, sans-serif; font-size: x-small;\">Av.  Des. Simpl\u00edcio Mendes, s\/n Centro;<\/span><\/p>\n<p><strong>Restaurantes<\/strong><\/p>\n<p><strong><em>Churrascaria Raio do  Sol<\/em><\/strong> Av.  Marcos Furtado, s\/n Centro;<br \/>\n<strong><em>Dinas Bar<\/em><\/strong> Av. Marcos Furtado s\/n  Centro;<br \/>\n<strong><em>Restaurante &#8220;O Abrigo&#8221;<\/em><\/strong> Pra\u00e7a Matriz  Centro;<br \/>\n<strong><em>Restaurante &#8221; O Bembem&#8221; <\/em><\/strong>Rua Torquato Torres s\/n Beira  Rio;<br \/>\n<strong><em>Restaurante &#8220;O Paim&#8221;<\/em><\/strong> Rua Coelho Neto s\/n  Centro;<\/p>\n<p><strong>Lanchonetes<\/strong><\/p>\n<p><strong><em>Giga Byte<\/em><\/strong> P\u00e7 Eneas Torres  Centro;<br \/>\n<strong><em>Kantu\u00e1 <\/em><\/strong>P\u00e7 Eneas Torres  Centro;<br \/>\n<strong><em>Padaria P\u00e3o Nosso<\/em><\/strong> Av. Jos\u00e9 de Deus Lacerda  Centro;<\/p>\n<p><strong>Comunica\u00e7\u00f5es<\/strong><\/p>\n<p><strong><em>Correios e Tel\u00e9grafos<\/em><\/strong> &#8211; P\u00e7.  Helvidio Medeiros, Centro &#8211; Fone: 3244-1155;<br \/>\n<strong><em> R\u00e1dio Pontual F<\/em><\/strong>M &#8211; Rua 19 de  Setembro, s\/n &#8211; Centro &#8211; Fone: 3244-1386;<\/p>\n<p><strong>Entidades de Classe<\/strong><\/p>\n<p><strong><em>Col\u00f4nia de Pescadores<\/em><\/strong> &#8211; Rua  Torquato Torres, s\/n &#8211; Centro;<br \/>\n<strong><em>Sindicato dos Serv. Pub. Municipais <\/em><\/strong>&#8211; Rua S\u00e3o Jos\u00e9,s\/n &#8211; Centro;<br \/>\n<strong><em>Sindicato Trabalhadores Rurais<\/em><\/strong>&#8211; Av.  Des. Simplicio Mendes, s\/n &#8211; Centro;<\/p>\n<p><strong>Farm\u00e1cias<\/strong><\/p>\n<div>\n<p><strong><em>Drogaria Viana<\/em><\/strong> &#8211; Pra\u00e7a do mercado  S\/N Fone: 9995-5379;<br \/>\n<strong><em>Drogaria Vit\u00f3ria<\/em><\/strong> &#8211; Av. Des  Simplicio Mendes S\/N &#8211; Fone: 3244-1335;<br \/>\n<strong><em>Farm\u00e1cia D. Edite<\/em><\/strong> &#8211; R. Coelho Neto  S\/N;<br \/>\n<strong><em>Farm\u00e1cia dos Pobres<\/em><\/strong> &#8211; Av. Jos\u00e9 de  Deus Lacerda, Fone:3244-1060<br \/>\n<strong><em>Farm\u00e1cia Popular<\/em><\/strong> &#8211; Av Jos\u00e9 de Deus  Lacerda, Fone: 3244-1180<\/p>\n<\/div>\n<p><span style=\"font-family: Verdana, Arial, Helvetica, sans-serif;\"> <\/span><\/p>\n<p><strong>Posto  de Combust\u00edvel<\/strong><\/p>\n<p><strong><em>Auto Posto Redentor.<\/em><\/strong> Av. Marcos  Furtado S\/N, Fone: 3244-1785;<br \/>\n<strong><em>Posto S\u00e3o Jos\u00e9<\/em><\/strong> &#8211; Av. Marcos Furtado  &#8211; Cohebe;<\/p>\n<p><strong>Seguran\u00e7a P\u00fablica<\/strong><\/p>\n<p><strong><em>Delegacia de Policia<\/em><\/strong> &#8211; Av. Marcos  Furtado Fone: 244-1212;<\/p>\n<p><strong>Servi\u00e7os Banc\u00e1rios<\/strong><\/p>\n<div>\n<p><strong><em>Banco do Brasil<\/em><\/strong> &#8211; Av. Jos\u00e9 de Deus  Lacerda Centro Fone: 3244-1119<br \/>\n<strong><em>Banco Postal<\/em><\/strong> &#8211; Pra\u00e7a Helv\u00eddio  Medeiros &#8211; Centro Fone 3244-1155;<br \/>\n<strong><em>Caixa Aqui<\/em><\/strong> &#8211; Pra\u00e7a do Mercardo  Centro (Saque CEF) &#8211; 3244-1131;<br \/>\n<strong><em>Casa Lot\u00e9rica<\/em><\/strong> &#8211; Av. Marcos Furtado S\/N (Saque CEF);<\/p>\n<\/div>\n<div>\n<p><strong>Servi\u00e7os Sa\u00fade<\/strong><\/p>\n<\/div>\n<p><strong><em>Centro de Fisioterapia<\/em><\/strong> &#8211; Rua  Ulisses Carmo s\/n Centro;<br \/>\n<strong><em>Hospital Local Pedro Vasconcelos<\/em><\/strong> &#8211;  Av Des. Simplicio Mendes s\/n Centro;<br \/>\n<strong><em>SOS Miguel Alves<\/em><\/strong> &#8211; Av. Jos\u00e9 de Deus  Lacerda &#8211; Centro Fone:3244-1101;<\/p>\n<\/div>","protected":false},"excerpt":{"rendered":"<div id=HOTWordsTxt name=HOTWordsTxt><p>Hot\u00e9is Hotel S\u00e3o Miguel Av. Des. Simpl\u00edcio Mendes, s\/n Centro; Pousada Ang\u00e9lica Rua Coelho Neto, s\/n Centro; Pousada &#8220;O Paim&#8221; Rua Coelho Neto s\/n Centro; Hotelzinho Sta Rita Av. Des. Simpl\u00edcio Mendes, s\/n Centro; Restaurantes Churrascaria Raio do Sol Av. Marcos Furtado, s\/n Centro; Dinas Bar Av. Marcos Furtado s\/n Centro; Restaurante &#8220;O Abrigo&#8221; Pra\u00e7a [&hellip;]<\/p>\n<\/div>","protected":false},"author":1,"featured_media":0,"parent":0,"menu_order":0,"comment_status":"open","ping_status":"open","template":"","meta":{"footnotes":""},"class_list":["post-70","page","type-page","status-publish","hentry"],"_links":{"self":[{"href":"http:\/\/www.portalmiguelalves.com\/novo\/wp-json\/wp\/v2\/pages\/70","targetHints":{"allow":["GET"]}}],"collection":[{"href":"http:\/\/www.portalmiguelalves.com\/novo\/wp-json\/wp\/v2\/pages"}],"about":[{"href":"http:\/\/www.portalmiguelalves.com\/novo\/wp-json\/wp\/v2\/types\/page"}],"author":[{"embeddable":true,"href":"http:\/\/www.portalmiguelalves.com\/novo\/wp-json\/wp\/v2\/users\/1"}],"replies":[{"embeddable":true,"href":"http:\/\/www.portalmiguelalves.com\/novo\/wp-json\/wp\/v2\/comments?post=70"}],"version-history":[{"count":7,"href":"http:\/\/www.portalmiguelalves.com\/novo\/wp-json\/wp\/v2\/pages\/70\/revisions"}],"predecessor-version":[{"id":74,"href":"http:\/\/www.portalmiguelalves.com\/novo\/wp-json\/wp\/v2\/pages\/70\/revisions\/74"}],"wp:attachment":[{"href":"http:\/\/www.portalmiguelalves.com\/novo\/wp-json\/wp\/v2\/media?parent=70"}],"curies":[{"name":"wp","href":"https:\/\/api.w.org\/{rel}","templated":true}]}}