{"id":76,"date":"2010-12-30T01:42:29","date_gmt":"2010-12-30T01:42:29","guid":{"rendered":"http:\/\/portalmiguelalves.com\/novo\/"},"modified":"2010-12-30T01:44:31","modified_gmt":"2010-12-30T01:44:31","slug":"simbolos","status":"publish","type":"page","link":"http:\/\/www.portalmiguelalves.com\/novo\/simbolos\/","title":{"rendered":"S\u00edmbolos"},"content":{"rendered":"\n<!-- ALL ADSENSE ADS DISABLED -->\n<div id=HOTWordsTxt name=HOTWordsTxt><figure id=\"attachment_77\" aria-describedby=\"caption-attachment-77\" style=\"width: 320px\" class=\"wp-caption aligncenter\"><a rel=\"nofollow\" href=\"http:\/\/portalmiguelalves.com\/novo\/wp-content\/uploads\/2010\/12\/bandeira_simb.gif\"><img loading=\"lazy\" decoding=\"async\" class=\"size-full wp-image-77\" title=\"Bandeira\" src=\"http:\/\/portalmiguelalves.com\/novo\/wp-content\/uploads\/2010\/12\/bandeira_simb.gif\" alt=\"\" width=\"320\" height=\"193\" srcset=\"http:\/\/www.portalmiguelalves.com\/novo\/wp-content\/uploads\/2010\/12\/bandeira_simb.gif 320w, http:\/\/www.portalmiguelalves.com\/novo\/wp-content\/uploads\/2010\/12\/bandeira_simb-300x180.gif 300w\" sizes=\"auto, (max-width: 320px) 100vw, 320px\" \/><\/a><figcaption id=\"caption-attachment-77\" class=\"wp-caption-text\">Bandeira de Miguel Alves<\/figcaption><\/figure>\n<p style=\"text-align: center;\">Ouvir o Hino: <object classid=\"clsid:d27cdb6e-ae6d-11cf-96b8-444553540000\" width=\"296\" height=\"25\" codebase=\"http:\/\/download.macromedia.com\/pub\/shockwave\/cabs\/flash\/swflash.cab#version=6,0,40,0\"><param name=\"allowFullScreen\" value=\"true\" \/><param name=\"allowscriptaccess\" value=\"always\" \/><param name=\"src\" value=\"http:\/\/www.youtube.com\/v\/dUg4dVWid7M?fs=1&amp;hl=pt_BR\" \/><param name=\"allowfullscreen\" value=\"true\" \/><embed type=\"application\/x-shockwave-flash\" width=\"296\" height=\"25\" src=\"http:\/\/www.youtube.com\/v\/dUg4dVWid7M?fs=1&amp;hl=pt_BR\" allowscriptaccess=\"always\" allowfullscreen=\"true\"><\/embed><\/object><\/p>\n<div id=\"_mcePaste\" style=\"text-align: center;\"><strong>Hino de Miguel  Alves<\/strong><\/div>\n<p style=\"text-align: right;\"><span style=\"font-family: Arial, Helvetica, sans-serif; font-size: xx-small;\">Letra: Antonio  Regis<br \/>\nM\u00fasica: Francisco Gon\u00e7alves de Mac\u00eado<\/span><\/p>\n<p><span style=\"font-family: Verdana, Arial, Helvetica, sans-serif; font-size: x-small;\">Miguel  Alves, minha terra,<br \/>\nMeu pedacinho de ch\u00e3o:<br \/>\n\u00c9s a vida de minha vida<br \/>\nE  amor do meu cora\u00e7\u00e3o.<\/span><\/p>\n<p style=\"text-align: right;\"><span style=\"font-family: Verdana, Arial, Helvetica, sans-serif; font-size: x-small;\">Amo  tuas matas compactas,<br \/>\nTeus densos baba\u00e7uais;<br \/>\nAmo teus campos  agrestes,<br \/>\nTeus berdes carnaubais.<\/span><\/p>\n<p><span style=\"font-family: Verdana, Arial, Helvetica, sans-serif; font-size: x-small;\">Tua  emancipa\u00e7\u00e3o<br \/>\nFoi uma d\u00e1diva do c\u00e9u<br \/>\nAben\u00e7oada por Deus,<br \/>\nGuardada por S\u00e3o  Miguel.<\/span><\/p>\n<p style=\"text-align: right;\"><span style=\"font-family: Verdana, Arial, Helvetica, sans-serif; font-size: x-small;\">Hoje  teus filhos ilustres,<br \/>\nAqui e por toda a parte,<br \/>\nElevam teu nome \u00e0  gl\u00f3ria<br \/>\nNa ci\u00eancia, nas letras, nas artes&#8230;<\/span><\/p>\n<p><span style=\"font-family: Verdana, Arial, Helvetica, sans-serif; font-size: x-small;\">Contemplando o teu  passado<br \/>\nAntevejo o teu porvir,<br \/>\nPois tu ser\u00e1s no futuro<br \/>\nO orgulho do  nosso Piau\u00ed.<\/span><\/p>\n<\/div>","protected":false},"excerpt":{"rendered":"<div id=HOTWordsTxt name=HOTWordsTxt><p>Ouvir o Hino: Hino de Miguel Alves Letra: Antonio Regis M\u00fasica: Francisco Gon\u00e7alves de Mac\u00eado Miguel Alves, minha terra, Meu pedacinho de ch\u00e3o: \u00c9s a vida de minha vida E amor do meu cora\u00e7\u00e3o. Amo tuas matas compactas, Teus densos baba\u00e7uais; Amo teus campos agrestes, Teus berdes carnaubais. Tua emancipa\u00e7\u00e3o Foi uma d\u00e1diva do c\u00e9u [&hellip;]<\/p>\n<\/div>","protected":false},"author":1,"featured_media":0,"parent":0,"menu_order":0,"comment_status":"open","ping_status":"open","template":"","meta":{"footnotes":""},"class_list":["post-76","page","type-page","status-publish","hentry"],"_links":{"self":[{"href":"http:\/\/www.portalmiguelalves.com\/novo\/wp-json\/wp\/v2\/pages\/76","targetHints":{"allow":["GET"]}}],"collection":[{"href":"http:\/\/www.portalmiguelalves.com\/novo\/wp-json\/wp\/v2\/pages"}],"about":[{"href":"http:\/\/www.portalmiguelalves.com\/novo\/wp-json\/wp\/v2\/types\/page"}],"author":[{"embeddable":true,"href":"http:\/\/www.portalmiguelalves.com\/novo\/wp-json\/wp\/v2\/users\/1"}],"replies":[{"embeddable":true,"href":"http:\/\/www.portalmiguelalves.com\/novo\/wp-json\/wp\/v2\/comments?post=76"}],"version-history":[{"count":4,"href":"http:\/\/www.portalmiguelalves.com\/novo\/wp-json\/wp\/v2\/pages\/76\/revisions"}],"predecessor-version":[{"id":81,"href":"http:\/\/www.portalmiguelalves.com\/novo\/wp-json\/wp\/v2\/pages\/76\/revisions\/81"}],"wp:attachment":[{"href":"http:\/\/www.portalmiguelalves.com\/novo\/wp-json\/wp\/v2\/media?parent=76"}],"curies":[{"name":"wp","href":"https:\/\/api.w.org\/{rel}","templated":true}]}}